{"id":2223,"date":"2025-03-14T15:31:48","date_gmt":"2025-03-14T15:31:48","guid":{"rendered":"https:\/\/www.flcegos.pt\/web\/?page_id=2223"},"modified":"2025-07-02T09:55:24","modified_gmt":"2025-07-02T09:55:24","slug":"legislacao-e-outra-documentacao-2","status":"publish","type":"page","link":"https:\/\/www.flcegos.pt\/web\/legislacao-e-outra-documentacao-2\/","title":{"rendered":"Legisla\u00e7\u00e3o e outra documenta\u00e7\u00e3o"},"content":{"rendered":"\t\t<div data-elementor-type=\"wp-page\" data-elementor-id=\"2223\" class=\"elementor elementor-2223\">\n\t\t\t\t<div class=\"elementor-element elementor-element-9b28799 e-flex e-con-boxed wpr-particle-no wpr-jarallax-no wpr-parallax-no wpr-sticky-section-no wpr-equal-height-no e-con e-parent\" data-id=\"9b28799\" data-element_type=\"container\" data-e-type=\"container\" data-settings=\"{&quot;background_background&quot;:&quot;classic&quot;,&quot;shape_divider_bottom&quot;:&quot;curve&quot;,&quot;shape_divider_bottom_negative&quot;:&quot;yes&quot;}\">\n\t\t\t\t\t<div class=\"e-con-inner\">\n\t\t\t\t<div class=\"elementor-shape elementor-shape-bottom\" aria-hidden=\"true\" data-negative=\"true\">\n\t\t\t<svg xmlns=\"http:\/\/www.w3.org\/2000\/svg\" viewBox=\"0 0 1000 100\" preserveAspectRatio=\"none\">\n\t<path class=\"elementor-shape-fill\" d=\"M500,97C126.7,96.3,0.8,19.8,0,0v100l1000,0V1C1000,19.4,873.3,97.8,500,97z\"\/>\n<\/svg>\t\t<\/div>\n\t\t\t\t<div class=\"elementor-element elementor-element-90268f3 elementor-invisible elementor-widget elementor-widget-heading\" data-id=\"90268f3\" data-element_type=\"widget\" data-e-type=\"widget\" data-settings=\"{&quot;_animation&quot;:&quot;fadeIn&quot;}\" data-widget_type=\"heading.default\">\n\t\t\t\t<div class=\"elementor-widget-container\">\n\t\t\t\t\t<h2 class=\"elementor-heading-title elementor-size-default\">LEGISLA\u00c7\u00c3O E OUTRA DOCUMENTA\u00c7\u00c3O<\/h2>\t\t\t\t<\/div>\n\t\t\t\t<\/div>\n\t\t\t\t\t<\/div>\n\t\t\t\t<\/div>\n\t\t<div class=\"elementor-element elementor-element-7983eec e-flex e-con-boxed wpr-particle-no wpr-jarallax-no wpr-parallax-no wpr-sticky-section-no wpr-equal-height-no e-con e-parent\" data-id=\"7983eec\" data-element_type=\"container\" data-e-type=\"container\">\n\t\t\t\t\t<div class=\"e-con-inner\">\n\t\t\t\t<div class=\"elementor-element elementor-element-7d2973c elementor-widget elementor-widget-spacer\" data-id=\"7d2973c\" data-element_type=\"widget\" data-e-type=\"widget\" data-widget_type=\"spacer.default\">\n\t\t\t\t<div class=\"elementor-widget-container\">\n\t\t\t\t\t\t\t<div class=\"elementor-spacer\">\n\t\t\t<div class=\"elementor-spacer-inner\"><\/div>\n\t\t<\/div>\n\t\t\t\t\t\t<\/div>\n\t\t\t\t<\/div>\n\t\t\t\t\t<\/div>\n\t\t\t\t<\/div>\n\t\t<div class=\"elementor-element elementor-element-caa78c3 e-flex e-con-boxed wpr-particle-no wpr-jarallax-no wpr-parallax-no wpr-sticky-section-no wpr-equal-height-no e-con e-parent\" data-id=\"caa78c3\" data-element_type=\"container\" data-e-type=\"container\">\n\t\t\t\t\t<div class=\"e-con-inner\">\n\t\t<div class=\"elementor-element elementor-element-5cde787 e-con-full e-flex wpr-particle-no wpr-jarallax-no wpr-parallax-no wpr-sticky-section-no wpr-equal-height-no e-con e-child\" data-id=\"5cde787\" data-element_type=\"container\" data-e-type=\"container\" data-settings=\"{&quot;background_background&quot;:&quot;classic&quot;}\">\n\t\t\t\t<div class=\"elementor-element elementor-element-532a938 elementor-widget elementor-widget-heading\" data-id=\"532a938\" data-element_type=\"widget\" data-e-type=\"widget\" data-widget_type=\"heading.default\">\n\t\t\t\t<div class=\"elementor-widget-container\">\n\t\t\t\t\t<h2 class=\"elementor-heading-title elementor-size-default\">SEGURAN\u00c7A SOCIAL<\/h2>\t\t\t\t<\/div>\n\t\t\t\t<\/div>\n\t\t\t\t<div class=\"elementor-element elementor-element-ad3f6d4 elementor-widget elementor-widget-text-editor\" data-id=\"ad3f6d4\" data-element_type=\"widget\" data-e-type=\"widget\" data-widget_type=\"text-editor.default\">\n\t\t\t\t<div class=\"elementor-widget-container\">\n\t\t\t\t\t\t\t\t\t<p><strong><a href=\"https:\/\/www.flcegos.pt\/web\/wp-content\/uploads\/2025\/07\/218-D_2019.pdf\">Portaria n.\u00ba 218-D\/2019 de 15 de julho de 2019<\/a><\/strong><\/p><p>\u00a0<a href=\"https:\/\/www.flcegos.pt\/web\/wp-content\/uploads\/2025\/03\/COT-4-2014.pdf\"><strong>Regulamento das comparticipa\u00e7\u00f5es familiares devidas pela utiliza\u00e7\u00e3o dos servi\u00e7os e equipamentos sociais das IPSS<\/strong><\/a><\/p><p><a href=\"https:\/\/www.cartasocial.pt\/inicio\" target=\"_blank\" rel=\"noopener\"><strong>Carta Social<\/strong><\/a><\/p><p><a href=\"https:\/\/cnis.pt\/\" target=\"_blank\" rel=\"noopener\"><strong>Confedera\u00e7\u00e3o Nacional\u00a0das\u00a0Institui\u00e7\u00f5es\u00a0de\u00a0Solidariedade (CNIS)<\/strong><\/a><\/p>\t\t\t\t\t\t\t\t<\/div>\n\t\t\t\t<\/div>\n\t\t\t\t<\/div>\n\t\t<div class=\"elementor-element elementor-element-d2d8fa5 e-con-full e-flex wpr-particle-no wpr-jarallax-no wpr-parallax-no wpr-sticky-section-no wpr-equal-height-no e-con e-child\" data-id=\"d2d8fa5\" data-element_type=\"container\" data-e-type=\"container\" data-settings=\"{&quot;background_background&quot;:&quot;classic&quot;}\">\n\t\t\t\t<div class=\"elementor-element elementor-element-acbe3ba elementor-widget elementor-widget-heading\" data-id=\"acbe3ba\" data-element_type=\"widget\" data-e-type=\"widget\" data-widget_type=\"heading.default\">\n\t\t\t\t<div class=\"elementor-widget-container\">\n\t\t\t\t\t<h2 class=\"elementor-heading-title elementor-size-default\">TRABALHO<\/h2>\t\t\t\t<\/div>\n\t\t\t\t<\/div>\n\t\t\t\t<div class=\"elementor-element elementor-element-3de8e88 elementor-widget elementor-widget-text-editor\" data-id=\"3de8e88\" data-element_type=\"widget\" data-e-type=\"widget\" data-widget_type=\"text-editor.default\">\n\t\t\t\t<div class=\"elementor-widget-container\">\n\t\t\t\t\t\t\t\t\t<p>\u00a0Contrato coletivo entre a Confedera\u00e7\u00e3o Nacional das Institui\u00e7\u00f5es de Solidariedade (CNIS) e a Federa\u00e7\u00e3o Portuguesa dos Sindicatos do Com\u00e9rcio, Escrit\u00f3rios e Servi\u00e7os (FEPCES):<\/p><p><a href=\"https:\/\/www.flcegos.pt\/web\/wp-content\/uploads\/2025\/03\/BTE_41_08NOV19.pdf\"><strong>Boletim do Trabalho e Emprego, n.\u00ba 41, de 08NOV2019<\/strong><\/a><\/p><p><a href=\"https:\/\/www.flcegos.pt\/web\/wp-content\/uploads\/2025\/03\/BTE_39_22Out21-Alteracao-Salarial-e-outras.pdf\"><strong>Portaria de Extens\u00e3o \u2013 BTE_39 de 22Out2021<\/strong><\/a><\/p>\t\t\t\t\t\t\t\t<\/div>\n\t\t\t\t<\/div>\n\t\t\t\t<\/div>\n\t\t\t\t\t<\/div>\n\t\t\t\t<\/div>\n\t\t<div class=\"elementor-element elementor-element-2e444b7 e-flex e-con-boxed wpr-particle-no wpr-jarallax-no wpr-parallax-no wpr-sticky-section-no wpr-equal-height-no e-con e-parent\" data-id=\"2e444b7\" data-element_type=\"container\" data-e-type=\"container\">\n\t\t\t\t\t<div class=\"e-con-inner\">\n\t\t\t\t<div class=\"elementor-element elementor-element-1ad843e elementor-widget elementor-widget-spacer\" data-id=\"1ad843e\" data-element_type=\"widget\" data-e-type=\"widget\" data-widget_type=\"spacer.default\">\n\t\t\t\t<div class=\"elementor-widget-container\">\n\t\t\t\t\t\t\t<div class=\"elementor-spacer\">\n\t\t\t<div class=\"elementor-spacer-inner\"><\/div>\n\t\t<\/div>\n\t\t\t\t\t\t<\/div>\n\t\t\t\t<\/div>\n\t\t\t\t\t<\/div>\n\t\t\t\t<\/div>\n\t\t\t\t<\/div>\n\t\t","protected":false},"excerpt":{"rendered":"<p>LEGISLA\u00c7\u00c3O E OUTRA DOCUMENTA\u00c7\u00c3O SEGURAN\u00c7A SOCIAL Portaria n.\u00ba 218-D\/2019 de 15 de julho de 2019 \u00a0Regulamento das comparticipa\u00e7\u00f5es familiares devidas pela utiliza\u00e7\u00e3o dos servi\u00e7os e equipamentos sociais das IPSS Carta Social Confedera\u00e7\u00e3o Nacional\u00a0das\u00a0Institui\u00e7\u00f5es\u00a0de\u00a0Solidariedade (CNIS) TRABALHO \u00a0Contrato coletivo entre a Confedera\u00e7\u00e3o Nacional das Institui\u00e7\u00f5es de Solidariedade (CNIS) e a Federa\u00e7\u00e3o Portuguesa dos Sindicatos do Com\u00e9rcio, Escrit\u00f3rios e Servi\u00e7os (FEPCES): Boletim do Trabalho e Emprego, n.\u00ba 41, de 08NOV2019 Portaria de Extens\u00e3o \u2013 BTE_39 de 22Out2021<\/p>\n","protected":false},"author":2,"featured_media":0,"parent":0,"menu_order":0,"comment_status":"closed","ping_status":"closed","template":"","meta":{"footnotes":""},"class_list":["post-2223","page","type-page","status-publish","hentry"],"_links":{"self":[{"href":"https:\/\/www.flcegos.pt\/web\/wp-json\/wp\/v2\/pages\/2223","targetHints":{"allow":["GET"]}}],"collection":[{"href":"https:\/\/www.flcegos.pt\/web\/wp-json\/wp\/v2\/pages"}],"about":[{"href":"https:\/\/www.flcegos.pt\/web\/wp-json\/wp\/v2\/types\/page"}],"author":[{"embeddable":true,"href":"https:\/\/www.flcegos.pt\/web\/wp-json\/wp\/v2\/users\/2"}],"replies":[{"embeddable":true,"href":"https:\/\/www.flcegos.pt\/web\/wp-json\/wp\/v2\/comments?post=2223"}],"version-history":[{"count":0,"href":"https:\/\/www.flcegos.pt\/web\/wp-json\/wp\/v2\/pages\/2223\/revisions"}],"wp:attachment":[{"href":"https:\/\/www.flcegos.pt\/web\/wp-json\/wp\/v2\/media?parent=2223"}],"curies":[{"name":"wp","href":"https:\/\/api.w.org\/{rel}","templated":true}]}}