{"id":1776,"date":"2025-03-05T09:52:03","date_gmt":"2025-03-05T09:52:03","guid":{"rendered":"https:\/\/www.flcegos.pt\/web\/?page_id=1776"},"modified":"2025-09-16T09:04:00","modified_gmt":"2025-09-16T09:04:00","slug":"boletim-no-coracao-da-mouraria","status":"publish","type":"page","link":"https:\/\/www.flcegos.pt\/web\/boletim-no-coracao-da-mouraria\/","title":{"rendered":"Boletim &#8220;No Cora\u00e7\u00e3o da Mouraria&#8221;"},"content":{"rendered":"\t\t<div data-elementor-type=\"wp-page\" data-elementor-id=\"1776\" class=\"elementor elementor-1776\">\n\t\t\t\t<div class=\"elementor-element elementor-element-d787a7b e-flex e-con-boxed wpr-particle-no wpr-jarallax-no wpr-parallax-no wpr-sticky-section-no wpr-equal-height-no e-con e-parent\" data-id=\"d787a7b\" data-element_type=\"container\" data-e-type=\"container\" data-settings=\"{&quot;background_background&quot;:&quot;classic&quot;,&quot;shape_divider_bottom&quot;:&quot;curve&quot;,&quot;shape_divider_bottom_negative&quot;:&quot;yes&quot;}\">\n\t\t\t\t\t<div class=\"e-con-inner\">\n\t\t\t\t<div class=\"elementor-shape elementor-shape-bottom\" aria-hidden=\"true\" data-negative=\"true\">\n\t\t\t<svg xmlns=\"http:\/\/www.w3.org\/2000\/svg\" viewBox=\"0 0 1000 100\" preserveAspectRatio=\"none\">\n\t<path class=\"elementor-shape-fill\" d=\"M500,97C126.7,96.3,0.8,19.8,0,0v100l1000,0V1C1000,19.4,873.3,97.8,500,97z\"\/>\n<\/svg>\t\t<\/div>\n\t\t\t\t<div class=\"elementor-element elementor-element-992a85a elementor-invisible elementor-widget elementor-widget-heading\" data-id=\"992a85a\" data-element_type=\"widget\" data-e-type=\"widget\" data-settings=\"{&quot;_animation&quot;:&quot;fadeIn&quot;}\" data-widget_type=\"heading.default\">\n\t\t\t\t<div class=\"elementor-widget-container\">\n\t\t\t\t\t<h2 class=\"elementor-heading-title elementor-size-default\">BOLETIM \"NO CORA\u00c7\u00c3O DA MOURARIA\"<\/h2>\t\t\t\t<\/div>\n\t\t\t\t<\/div>\n\t\t\t\t\t<\/div>\n\t\t\t\t<\/div>\n\t\t<div class=\"elementor-element elementor-element-1e85bc2 e-flex e-con-boxed wpr-particle-no wpr-jarallax-no wpr-parallax-no wpr-sticky-section-no wpr-equal-height-no e-con e-parent\" data-id=\"1e85bc2\" data-element_type=\"container\" data-e-type=\"container\">\n\t\t\t\t\t<div class=\"e-con-inner\">\n\t\t\t\t<div class=\"elementor-element elementor-element-1240e49 elementor-widget elementor-widget-spacer\" data-id=\"1240e49\" data-element_type=\"widget\" data-e-type=\"widget\" data-widget_type=\"spacer.default\">\n\t\t\t\t<div class=\"elementor-widget-container\">\n\t\t\t\t\t\t\t<div class=\"elementor-spacer\">\n\t\t\t<div class=\"elementor-spacer-inner\"><\/div>\n\t\t<\/div>\n\t\t\t\t\t\t<\/div>\n\t\t\t\t<\/div>\n\t\t\t\t\t<\/div>\n\t\t\t\t<\/div>\n\t\t<div class=\"elementor-element elementor-element-38c4a8e e-flex e-con-boxed wpr-particle-no wpr-jarallax-no wpr-parallax-no wpr-sticky-section-no wpr-equal-height-no e-con e-parent\" data-id=\"38c4a8e\" data-element_type=\"container\" data-e-type=\"container\">\n\t\t\t\t\t<div class=\"e-con-inner\">\n\t\t\t\t<div class=\"elementor-element elementor-element-a5ba130 elementor-widget elementor-widget-image\" data-id=\"a5ba130\" data-element_type=\"widget\" data-e-type=\"widget\" data-widget_type=\"image.default\">\n\t\t\t\t<div class=\"elementor-widget-container\">\n\t\t\t\t\t\t\t\t\t\t\t\t\t\t\t<img fetchpriority=\"high\" decoding=\"async\" width=\"800\" height=\"185\" src=\"https:\/\/www.flcegos.pt\/web\/wp-content\/uploads\/2025\/04\/CORACAO-M.png\" class=\"attachment-large size-large wp-image-4074\" alt=\"\" srcset=\"https:\/\/www.flcegos.pt\/web\/wp-content\/uploads\/2025\/04\/CORACAO-M.png 1024w, https:\/\/www.flcegos.pt\/web\/wp-content\/uploads\/2025\/04\/CORACAO-M-300x69.png 300w, https:\/\/www.flcegos.pt\/web\/wp-content\/uploads\/2025\/04\/CORACAO-M-768x178.png 768w\" sizes=\"(max-width: 800px) 100vw, 800px\" \/>\t\t\t\t\t\t\t\t\t\t\t\t\t\t\t<\/div>\n\t\t\t\t<\/div>\n\t\t\t\t\t<\/div>\n\t\t\t\t<\/div>\n\t\t<div class=\"elementor-element elementor-element-7e2636e e-flex e-con-boxed wpr-particle-no wpr-jarallax-no wpr-parallax-no wpr-sticky-section-no wpr-equal-height-no e-con e-parent\" data-id=\"7e2636e\" data-element_type=\"container\" data-e-type=\"container\">\n\t\t\t\t\t<div class=\"e-con-inner\">\n\t\t\t\t<div class=\"elementor-element elementor-element-6fc8c5d elementor-widget elementor-widget-spacer\" data-id=\"6fc8c5d\" data-element_type=\"widget\" data-e-type=\"widget\" data-widget_type=\"spacer.default\">\n\t\t\t\t<div class=\"elementor-widget-container\">\n\t\t\t\t\t\t\t<div class=\"elementor-spacer\">\n\t\t\t<div class=\"elementor-spacer-inner\"><\/div>\n\t\t<\/div>\n\t\t\t\t\t\t<\/div>\n\t\t\t\t<\/div>\n\t\t\t\t\t<\/div>\n\t\t\t\t<\/div>\n\t\t<div class=\"elementor-element elementor-element-2410676 e-flex e-con-boxed wpr-particle-no wpr-jarallax-no wpr-parallax-no wpr-sticky-section-no wpr-equal-height-no e-con e-parent\" data-id=\"2410676\" data-element_type=\"container\" data-e-type=\"container\">\n\t\t\t\t\t<div class=\"e-con-inner\">\n\t\t<div class=\"elementor-element elementor-element-6e7c0a3 e-con-full e-flex wpr-particle-no wpr-jarallax-no wpr-parallax-no wpr-sticky-section-no wpr-equal-height-no e-con e-child\" data-id=\"6e7c0a3\" data-element_type=\"container\" data-e-type=\"container\" data-settings=\"{&quot;background_background&quot;:&quot;classic&quot;}\">\n\t\t\t\t<div class=\"elementor-element elementor-element-1da6f6c elementor-widget elementor-widget-text-editor\" data-id=\"1da6f6c\" data-element_type=\"widget\" data-e-type=\"widget\" data-widget_type=\"text-editor.default\">\n\t\t\t\t<div class=\"elementor-widget-container\">\n\t\t\t\t\t\t\t\t\t<p><strong>2025\u00a0 \u00a0 \u00a0 \u00a0 \u00a0 \u00a0 <\/strong><a href=\"https:\/\/www.flcegos.pt\/web\/wp-content\/uploads\/2025\/09\/BOLETIM-IRMANDADE-2025.pdf\">N.\u00ba 15<\/a><\/p><p><strong>2024\u00a0 \u00a0 \u00a0\u00a0 \u00a0\u00a0 \u00a0\u00a0<\/strong><a href=\"https:\/\/www.flcegos.pt\/web\/wp-content\/uploads\/2025\/07\/BOLETIM-REAL-IRMANDADE-2024.pdf\">N.\u00ba 14<\/a><\/p><p><strong>2023<\/strong> \u00a0 \u00a0 \u00a0 \u00a0 \u00a0 \u00a0\u00a0\u00a0<a href=\"https:\/\/www.flcegos.pt\/web\/wp-content\/uploads\/2025\/04\/Bol_RINSSSS_1SEM_2023.pdf\">N.\u00ba 13<\/a><\/p><p><strong>2022<\/strong>\u00a0 \u00a0 \u00a0 \u00a0 \u00a0 \u00a0 \u00a0 <a href=\"https:\/\/www.flcegos.pt\/web\/wp-content\/uploads\/2025\/04\/Boletim_1Semestre22.pdf\">N.\u00ba 11 (1.\u00ba Semestre)<\/a>\u00a0 \u00a0 \u00a0 \u00a0 \u00a0 \u00a0 \u00a0<a href=\"https:\/\/www.flcegos.pt\/web\/wp-content\/uploads\/2025\/04\/BOLETIM_12_DEC2022.pdf\">N.\u00ba 12 (2.\u00ba Semestre)<\/a><\/p><p><strong>2021<\/strong>\u00a0 \u00a0 \u00a0 \u00a0 \u00a0 \u00a0 \u00a0 <a href=\"https:\/\/www.flcegos.pt\/web\/wp-content\/uploads\/2025\/04\/BOLETIM-Dezembro-2021.pdf\">\u00a0N.\u00ba 10 (Anual)<\/a>\u00a0\u00a0<em style=\"color: var( --e-global-color-53ae8f0 ); background-color: var( --e-global-color-primary );\">* por lapso a designa\u00e7\u00e3o do n\u00famero e da periodicidade inscritas no Boletim est\u00e3o incorretas.<\/em><\/p><p><strong>2020<\/strong> \u00a0\u00a0\u00a0\u00a0\u00a0\u00a0\u00a0\u00a0\u00a0\u00a0\u00a0\u00a0\u00a0<a href=\"https:\/\/www.flcegos.pt\/web\/wp-content\/uploads\/2025\/04\/Boletim_1SEM_2020.pdf\">N.\u00ba 9 (1.\u00ba Semestre)<\/a>\u00a0\u00a0\u00a0\u00a0\u00a0\u00a0 \u00a0\u00a0 \u00a0\u00a0\u00a0\u00a0<a href=\"https:\/\/www.flcegos.pt\/web\/wp-content\/uploads\/2025\/04\/Bol_RINSSSS_2SEM_2020_low.pdf\">N.\u00ba 10 (2.\u00ba Semestre)<\/a><\/p><p><strong>2019\u00a0\u00a0\u00a0\u00a0<\/strong>\u00a0\u00a0\u00a0\u00a0\u00a0\u00a0\u00a0\u00a0\u00a0\u00a0<a href=\"https:\/\/www.flcegos.pt\/web\/wp-content\/uploads\/2025\/04\/Boletim_2019_1Semestre.pdf\">N.\u00ba 7 (1.\u00ba Semestre)\u00a0<\/a>\u00a0\u00a0\u00a0\u00a0\u00a0\u00a0\u00a0\u00a0\u00a0\u00a0 \u00a0\u00a0<a href=\"https:\/\/www.flcegos.pt\/web\/wp-content\/uploads\/2025\/04\/boletim-Irmandade-Dez2019.pdf\">N.\u00ba 8 (2.\u00ba Semestre)<\/a><\/p><p><strong>2018<\/strong> \u00a0\u00a0\u00a0\u00a0\u00a0\u00a0\u00a0\u00a0\u00a0\u00a0\u00a0\u00a0\u00a0<a href=\"https:\/\/www.flcegos.pt\/web\/wp-content\/uploads\/2025\/04\/Boletim_2018_2T.pdf\">N.\u00ba 5 (2.\u00ba Trimestre)<\/a>\u00a0\u00a0\u00a0\u00a0\u00a0\u00a0\u00a0\u00a0\u00a0\u00a0\u00a0\u00a0\u00a0\u00a0<a href=\"https:\/\/www.flcegos.pt\/web\/wp-content\/uploads\/2025\/04\/Boletim_2018_3Q.pdf\">N.\u00ba 6 (3.\u00ba Quadrimestre)<\/a><\/p><p><strong>2017 \u00a0<\/strong>\u00a0\u00a0\u00a0\u00a0\u00a0\u00a0\u00a0\u00a0\u00a0\u00a0\u00a0\u00a0<a href=\"https:\/\/www.flcegos.pt\/web\/wp-content\/uploads\/2025\/04\/Boletim_2017_3Q.pdf\">N.\u00ba 3 (3.\u00ba Quadrimestre)<\/a><\/p>\t\t\t\t\t\t\t\t<\/div>\n\t\t\t\t<\/div>\n\t\t\t\t<\/div>\n\t\t\t\t\t<\/div>\n\t\t\t\t<\/div>\n\t\t<div class=\"elementor-element elementor-element-c76496f e-flex e-con-boxed wpr-particle-no wpr-jarallax-no wpr-parallax-no wpr-sticky-section-no wpr-equal-height-no e-con e-parent\" data-id=\"c76496f\" data-element_type=\"container\" data-e-type=\"container\">\n\t\t\t\t\t<div class=\"e-con-inner\">\n\t\t\t\t<div class=\"elementor-element elementor-element-7e82942 elementor-widget elementor-widget-spacer\" data-id=\"7e82942\" data-element_type=\"widget\" data-e-type=\"widget\" data-widget_type=\"spacer.default\">\n\t\t\t\t<div class=\"elementor-widget-container\">\n\t\t\t\t\t\t\t<div class=\"elementor-spacer\">\n\t\t\t<div class=\"elementor-spacer-inner\"><\/div>\n\t\t<\/div>\n\t\t\t\t\t\t<\/div>\n\t\t\t\t<\/div>\n\t\t\t\t\t<\/div>\n\t\t\t\t<\/div>\n\t\t<div class=\"elementor-element elementor-element-8726def e-flex e-con-boxed wpr-particle-no wpr-jarallax-no wpr-parallax-no wpr-sticky-section-no wpr-equal-height-no e-con e-parent\" data-id=\"8726def\" data-element_type=\"container\" data-e-type=\"container\">\n\t\t\t\t\t<div class=\"e-con-inner\">\n\t\t\t\t<div class=\"elementor-element elementor-element-1c48873 elementor-widget elementor-widget-heading\" data-id=\"1c48873\" data-element_type=\"widget\" data-e-type=\"widget\" data-widget_type=\"heading.default\">\n\t\t\t\t<div class=\"elementor-widget-container\">\n\t\t\t\t\t<h2 class=\"elementor-heading-title elementor-size-default\">COMO POSSO AJUDAR?<\/h2>\t\t\t\t<\/div>\n\t\t\t\t<\/div>\n\t\t\t\t<div class=\"elementor-element elementor-element-4c654aa elementor-widget elementor-widget-text-editor\" data-id=\"4c654aa\" data-element_type=\"widget\" data-e-type=\"widget\" data-widget_type=\"text-editor.default\">\n\t\t\t\t<div class=\"elementor-widget-container\">\n\t\t\t\t\t\t\t\t\t<p>A Real Irmandade de Nossa Senhora da Sa\u00fade e de S\u00e3o Sebasti\u00e3o (RINSSSS) agradece todo o tipo de ajuda volunt\u00e1ria para apoiar a publica\u00e7\u00e3o do nosso boletim informativo.<\/p><p>O tipo de ajuda poder\u00e1 ser: contribui\u00e7\u00e3o de artigos que se relacionem com a F\u00e9 Cat\u00f3lica, a solidariedade e o esp\u00edrito crist\u00e3o, a RINSSSS e a sua atividade, o relacionamento com a Comunidade ou outras tem\u00e1ticas de interesse de \u00e2mbito religioso, institucional ou comunit\u00e1rio; apoio na prepara\u00e7\u00e3o digital do boletim, incluindo a reda\u00e7\u00e3o, design gr\u00e1fico, maquetagem e reprodu\u00e7\u00e3o; revis\u00e3o dos textos e outros conte\u00fados; distribui\u00e7\u00e3o do boletim, quer em m\u00e3o, quer por via correio; realiza\u00e7\u00e3o de trabalho de pesquisa e investiga\u00e7\u00e3o, sobre o esp\u00f3lio da RINSSSS ou outros temas a ela associadas; ajuda pecuni\u00e1ria para fazer face aos encargos com a reprodu\u00e7\u00e3o e tipografia.<\/p><p>A Real Irmandade de Nossa Senhora da Sa\u00fade e de S\u00e3o Sebasti\u00e3o agradece a todos aqueles que contribuem para este objetivo.<\/p>\t\t\t\t\t\t\t\t<\/div>\n\t\t\t\t<\/div>\n\t\t\t\t\t<\/div>\n\t\t\t\t<\/div>\n\t\t<div class=\"elementor-element elementor-element-e9ad7b4 e-flex e-con-boxed wpr-particle-no wpr-jarallax-no wpr-parallax-no wpr-sticky-section-no wpr-equal-height-no e-con e-parent\" data-id=\"e9ad7b4\" data-element_type=\"container\" data-e-type=\"container\">\n\t\t\t\t\t<div class=\"e-con-inner\">\n\t\t\t\t<div class=\"elementor-element elementor-element-1af5d57 elementor-widget elementor-widget-spacer\" data-id=\"1af5d57\" data-element_type=\"widget\" data-e-type=\"widget\" data-widget_type=\"spacer.default\">\n\t\t\t\t<div class=\"elementor-widget-container\">\n\t\t\t\t\t\t\t<div class=\"elementor-spacer\">\n\t\t\t<div class=\"elementor-spacer-inner\"><\/div>\n\t\t<\/div>\n\t\t\t\t\t\t<\/div>\n\t\t\t\t<\/div>\n\t\t\t\t\t<\/div>\n\t\t\t\t<\/div>\n\t\t<div class=\"elementor-element elementor-element-2ac001b e-flex e-con-boxed wpr-particle-no wpr-jarallax-no wpr-parallax-no wpr-sticky-section-no wpr-equal-height-no e-con e-parent\" data-id=\"2ac001b\" data-element_type=\"container\" data-e-type=\"container\">\n\t\t\t\t\t<div class=\"e-con-inner\">\n\t\t\t\t<div class=\"elementor-element elementor-element-2d80a52 elementor-widget elementor-widget-text-editor\" data-id=\"2d80a52\" data-element_type=\"widget\" data-e-type=\"widget\" data-widget_type=\"text-editor.default\">\n\t\t\t\t<div class=\"elementor-widget-container\">\n\t\t\t\t\t\t\t\t\t<p><em>Os dados recolhidos atrav\u00e9s do inqu\u00e9rito ser\u00e3o utilizados exclusivamente para fins estat\u00edsticos a realizar pela Real Irmandade de Nossa Senhora da Sa\u00fade e de S\u00e3o Sebasti\u00e3o.<\/em><\/p>\t\t\t\t\t\t\t\t<\/div>\n\t\t\t\t<\/div>\n\t\t\t\t\t<\/div>\n\t\t\t\t<\/div>\n\t\t<div class=\"elementor-element elementor-element-70c09b2 e-flex e-con-boxed wpr-particle-no wpr-jarallax-no wpr-parallax-no wpr-sticky-section-no wpr-equal-height-no e-con e-parent\" data-id=\"70c09b2\" data-element_type=\"container\" data-e-type=\"container\">\n\t\t\t\t\t<div class=\"e-con-inner\">\n\t\t\t\t<div class=\"elementor-element elementor-element-1c1687b elementor-align-center elementor-widget elementor-widget-button\" data-id=\"1c1687b\" data-element_type=\"widget\" data-e-type=\"widget\" data-widget_type=\"button.default\">\n\t\t\t\t<div class=\"elementor-widget-container\">\n\t\t\t\t\t\t\t\t\t<div class=\"elementor-button-wrapper\">\n\t\t\t\t\t<a class=\"elementor-button elementor-button-link elementor-size-sm\" href=\"https:\/\/docs.google.com\/forms\/d\/e\/1FAIpQLSdvv55CINu9BE1bhkFqJXscOaCRozFIbdepb29LJBz5Zaq2Zw\/viewform\" target=\"_blank\" rel=\"noopener\">\n\t\t\t\t\t\t<span class=\"elementor-button-content-wrapper\">\n\t\t\t\t\t\t\t\t\t<span class=\"elementor-button-text\">Posso Ajudar!<\/span>\n\t\t\t\t\t<\/span>\n\t\t\t\t\t<\/a>\n\t\t\t\t<\/div>\n\t\t\t\t\t\t\t\t<\/div>\n\t\t\t\t<\/div>\n\t\t\t\t\t<\/div>\n\t\t\t\t<\/div>\n\t\t<div class=\"elementor-element elementor-element-5dce556 e-flex e-con-boxed wpr-particle-no wpr-jarallax-no wpr-parallax-no wpr-sticky-section-no wpr-equal-height-no e-con e-parent\" data-id=\"5dce556\" data-element_type=\"container\" data-e-type=\"container\">\n\t\t\t\t\t<div class=\"e-con-inner\">\n\t\t\t\t<div class=\"elementor-element elementor-element-7b1ac6d elementor-widget elementor-widget-spacer\" data-id=\"7b1ac6d\" data-element_type=\"widget\" data-e-type=\"widget\" data-widget_type=\"spacer.default\">\n\t\t\t\t<div class=\"elementor-widget-container\">\n\t\t\t\t\t\t\t<div class=\"elementor-spacer\">\n\t\t\t<div class=\"elementor-spacer-inner\"><\/div>\n\t\t<\/div>\n\t\t\t\t\t\t<\/div>\n\t\t\t\t<\/div>\n\t\t\t\t\t<\/div>\n\t\t\t\t<\/div>\n\t\t\t\t<\/div>\n\t\t","protected":false},"excerpt":{"rendered":"<p>BOLETIM &#8220;NO CORA\u00c7\u00c3O DA MOURARIA&#8221; 2025\u00a0 \u00a0 \u00a0 \u00a0 \u00a0 \u00a0 N.\u00ba 15 2024\u00a0 \u00a0 \u00a0\u00a0 \u00a0\u00a0 \u00a0\u00a0N.\u00ba 14 2023 \u00a0 \u00a0 \u00a0 \u00a0 \u00a0 \u00a0\u00a0\u00a0N.\u00ba 13 2022\u00a0 \u00a0 \u00a0 \u00a0 \u00a0 \u00a0 \u00a0 N.\u00ba 11 (1.\u00ba Semestre)\u00a0 \u00a0 \u00a0 \u00a0 \u00a0 \u00a0 \u00a0N.\u00ba 12 (2.\u00ba Semestre) 2021\u00a0 \u00a0 \u00a0 \u00a0 \u00a0 \u00a0 \u00a0 \u00a0N.\u00ba 10 (Anual)\u00a0\u00a0* por lapso a designa\u00e7\u00e3o do n\u00famero e da periodicidade inscritas no Boletim est\u00e3o incorretas. 2020 \u00a0\u00a0\u00a0\u00a0\u00a0\u00a0\u00a0\u00a0\u00a0\u00a0\u00a0\u00a0\u00a0N.\u00ba 9 (1.\u00ba Semestre)\u00a0\u00a0\u00a0\u00a0\u00a0\u00a0 \u00a0\u00a0 \u00a0\u00a0\u00a0\u00a0N.\u00ba 10 (2.\u00ba Semestre) 2019\u00a0\u00a0\u00a0\u00a0\u00a0\u00a0\u00a0\u00a0\u00a0\u00a0\u00a0\u00a0\u00a0\u00a0N.\u00ba 7 (1.\u00ba Semestre)\u00a0\u00a0\u00a0\u00a0\u00a0\u00a0\u00a0\u00a0\u00a0\u00a0\u00a0 \u00a0\u00a0N.\u00ba 8 (2.\u00ba Semestre) 2018 \u00a0\u00a0\u00a0\u00a0\u00a0\u00a0\u00a0\u00a0\u00a0\u00a0\u00a0\u00a0\u00a0N.\u00ba 5 (2.\u00ba Trimestre)\u00a0\u00a0\u00a0\u00a0\u00a0\u00a0\u00a0\u00a0\u00a0\u00a0\u00a0\u00a0\u00a0\u00a0N.\u00ba 6 (3.\u00ba Quadrimestre) 2017 \u00a0\u00a0\u00a0\u00a0\u00a0\u00a0\u00a0\u00a0\u00a0\u00a0\u00a0\u00a0\u00a0N.\u00ba 3 (3.\u00ba Quadrimestre) COMO POSSO AJUDAR? A Real Irmandade de Nossa Senhora da Sa\u00fade e de S\u00e3o Sebasti\u00e3o (RINSSSS) agradece todo o tipo de ajuda volunt\u00e1ria para apoiar a publica\u00e7\u00e3o do nosso boletim informativo. O tipo de ajuda poder\u00e1 ser: contribui\u00e7\u00e3o de artigos que se relacionem com a F\u00e9 Cat\u00f3lica, a solidariedade e o esp\u00edrito crist\u00e3o, a RINSSSS e a sua atividade, o relacionamento com a Comunidade ou outras tem\u00e1ticas de interesse de \u00e2mbito religioso, institucional ou comunit\u00e1rio; apoio na prepara\u00e7\u00e3o digital do boletim, incluindo a reda\u00e7\u00e3o, design gr\u00e1fico, maquetagem e reprodu\u00e7\u00e3o; revis\u00e3o dos textos e outros conte\u00fados; distribui\u00e7\u00e3o do boletim, quer em m\u00e3o, quer por via correio; realiza\u00e7\u00e3o de trabalho de pesquisa e investiga\u00e7\u00e3o, sobre o esp\u00f3lio da RINSSSS ou outros temas a ela associadas; ajuda pecuni\u00e1ria para fazer face aos encargos com a reprodu\u00e7\u00e3o e tipografia. A Real Irmandade de Nossa Senhora da Sa\u00fade e de S\u00e3o Sebasti\u00e3o agradece a todos aqueles que contribuem para este objetivo. Os dados recolhidos atrav\u00e9s do inqu\u00e9rito ser\u00e3o utilizados exclusivamente para fins estat\u00edsticos a realizar pela Real Irmandade de Nossa Senhora da Sa\u00fade e de S\u00e3o Sebasti\u00e3o. Posso Ajudar!<\/p>\n","protected":false},"author":2,"featured_media":0,"parent":0,"menu_order":0,"comment_status":"closed","ping_status":"closed","template":"","meta":{"footnotes":""},"class_list":["post-1776","page","type-page","status-publish","hentry"],"_links":{"self":[{"href":"https:\/\/www.flcegos.pt\/web\/wp-json\/wp\/v2\/pages\/1776","targetHints":{"allow":["GET"]}}],"collection":[{"href":"https:\/\/www.flcegos.pt\/web\/wp-json\/wp\/v2\/pages"}],"about":[{"href":"https:\/\/www.flcegos.pt\/web\/wp-json\/wp\/v2\/types\/page"}],"author":[{"embeddable":true,"href":"https:\/\/www.flcegos.pt\/web\/wp-json\/wp\/v2\/users\/2"}],"replies":[{"embeddable":true,"href":"https:\/\/www.flcegos.pt\/web\/wp-json\/wp\/v2\/comments?post=1776"}],"version-history":[{"count":3,"href":"https:\/\/www.flcegos.pt\/web\/wp-json\/wp\/v2\/pages\/1776\/revisions"}],"predecessor-version":[{"id":5599,"href":"https:\/\/www.flcegos.pt\/web\/wp-json\/wp\/v2\/pages\/1776\/revisions\/5599"}],"wp:attachment":[{"href":"https:\/\/www.flcegos.pt\/web\/wp-json\/wp\/v2\/media?parent=1776"}],"curies":[{"name":"wp","href":"https:\/\/api.w.org\/{rel}","templated":true}]}}