{"id":1762,"date":"2025-03-05T09:49:51","date_gmt":"2025-03-05T09:49:51","guid":{"rendered":"https:\/\/www.flcegos.pt\/web\/?page_id=1762"},"modified":"2026-04-14T12:53:41","modified_gmt":"2026-04-14T12:53:41","slug":"documentos-institucionais","status":"publish","type":"page","link":"https:\/\/www.flcegos.pt\/web\/documentos-institucionais\/","title":{"rendered":"Documentos Institucionais"},"content":{"rendered":"\t\t<div data-elementor-type=\"wp-page\" data-elementor-id=\"1762\" class=\"elementor elementor-1762\">\n\t\t\t\t<div class=\"elementor-element elementor-element-dae0517 e-flex e-con-boxed wpr-particle-no wpr-jarallax-no wpr-parallax-no wpr-sticky-section-no wpr-equal-height-no e-con e-parent\" data-id=\"dae0517\" data-element_type=\"container\" data-e-type=\"container\" data-settings=\"{&quot;background_background&quot;:&quot;classic&quot;,&quot;shape_divider_bottom&quot;:&quot;curve&quot;,&quot;shape_divider_bottom_negative&quot;:&quot;yes&quot;}\">\n\t\t\t\t\t<div class=\"e-con-inner\">\n\t\t\t\t<div class=\"elementor-shape elementor-shape-bottom\" aria-hidden=\"true\" data-negative=\"true\">\n\t\t\t<svg xmlns=\"http:\/\/www.w3.org\/2000\/svg\" viewBox=\"0 0 1000 100\" preserveAspectRatio=\"none\">\n\t<path class=\"elementor-shape-fill\" d=\"M500,97C126.7,96.3,0.8,19.8,0,0v100l1000,0V1C1000,19.4,873.3,97.8,500,97z\"\/>\n<\/svg>\t\t<\/div>\n\t\t\t\t<div class=\"elementor-element elementor-element-4b09d62 elementor-invisible elementor-widget elementor-widget-heading\" data-id=\"4b09d62\" data-element_type=\"widget\" data-e-type=\"widget\" data-settings=\"{&quot;_animation&quot;:&quot;fadeIn&quot;}\" data-widget_type=\"heading.default\">\n\t\t\t\t<div class=\"elementor-widget-container\">\n\t\t\t\t\t<h2 class=\"elementor-heading-title elementor-size-default\">DOCUMENTOS INSTITUCIONAIS<\/h2>\t\t\t\t<\/div>\n\t\t\t\t<\/div>\n\t\t\t\t\t<\/div>\n\t\t\t\t<\/div>\n\t\t<div class=\"elementor-element elementor-element-09ceef9 e-flex e-con-boxed wpr-particle-no wpr-jarallax-no wpr-parallax-no wpr-sticky-section-no wpr-equal-height-no e-con e-parent\" data-id=\"09ceef9\" data-element_type=\"container\" data-e-type=\"container\">\n\t\t\t\t\t<div class=\"e-con-inner\">\n\t\t\t\t<div class=\"elementor-element elementor-element-bba2e5f elementor-widget elementor-widget-spacer\" data-id=\"bba2e5f\" data-element_type=\"widget\" data-e-type=\"widget\" data-widget_type=\"spacer.default\">\n\t\t\t\t<div class=\"elementor-widget-container\">\n\t\t\t\t\t\t\t<div class=\"elementor-spacer\">\n\t\t\t<div class=\"elementor-spacer-inner\"><\/div>\n\t\t<\/div>\n\t\t\t\t\t\t<\/div>\n\t\t\t\t<\/div>\n\t\t\t\t\t<\/div>\n\t\t\t\t<\/div>\n\t\t<div class=\"elementor-element elementor-element-be57ae8 e-flex e-con-boxed wpr-particle-no wpr-jarallax-no wpr-parallax-no wpr-sticky-section-no wpr-equal-height-no e-con e-parent\" data-id=\"be57ae8\" data-element_type=\"container\" data-e-type=\"container\">\n\t\t\t\t\t<div class=\"e-con-inner\">\n\t\t<div class=\"elementor-element elementor-element-8a0329a e-con-full e-flex wpr-particle-no wpr-jarallax-no wpr-parallax-no wpr-sticky-section-no wpr-equal-height-no e-con e-child\" data-id=\"8a0329a\" data-element_type=\"container\" data-e-type=\"container\" data-settings=\"{&quot;background_background&quot;:&quot;classic&quot;}\">\n\t\t\t\t<div class=\"elementor-element elementor-element-8652d6a elementor-widget elementor-widget-heading\" data-id=\"8652d6a\" data-element_type=\"widget\" data-e-type=\"widget\" data-widget_type=\"heading.default\">\n\t\t\t\t<div class=\"elementor-widget-container\">\n\t\t\t\t\t<h2 class=\"elementor-heading-title elementor-size-default\">CONSULTAR<\/h2>\t\t\t\t<\/div>\n\t\t\t\t<\/div>\n\t\t\t\t<div class=\"elementor-element elementor-element-c18b8f0 elementor-widget elementor-widget-text-editor\" data-id=\"c18b8f0\" data-element_type=\"widget\" data-e-type=\"widget\" data-widget_type=\"text-editor.default\">\n\t\t\t\t<div class=\"elementor-widget-container\">\n\t\t\t\t\t\t\t\t\t<h4><strong>Regulamentos Internos<\/strong><\/h4><ul><li><a href=\"https:\/\/www.flcegos.pt\/web\/wp-content\/uploads\/2025\/03\/SS_aprova_Estatutos.pdf\">Estatutos da Funda\u00e7\u00e3o-Lar de Nossa Senhora da Sa\u00fade<\/a><\/li><\/ul><ul><li><a href=\"https:\/\/www.flcegos.pt\/web\/wp-content\/uploads\/2025\/06\/Regulamento-Interno4junho.pdf\">Regulamento da Estrutura Residencial para Pessoas Idosas (ERPI)<\/a><\/li><\/ul><ul><li><a href=\"https:\/\/www.flcegos.pt\/web\/wp-content\/uploads\/2025\/03\/Regulamento-Interno-Centro-Dia.pdf\">Regulamento Interno do Centro de Dia (CD)<\/a><\/li><\/ul><h4><strong>Relat\u00f3rio de Gest\u00e3o e Contas<\/strong><\/h4><ul><li><a href=\"https:\/\/www.flcegos.pt\/web\/wp-content\/uploads\/2026\/04\/RGC-2025.pdf\">2025<\/a>\u00a0 \u00a0 \u00a0 <a href=\"https:\/\/www.flcegos.pt\/web\/wp-content\/uploads\/2026\/04\/Demonstracoes-Financeiras.pdf\">Demo Financeira<\/a>\u00a0 \u00a0 \u00a0<a href=\"https:\/\/www.flcegos.pt\/web\/wp-content\/uploads\/2026\/04\/Ata-04CE26-RGC25.pdf\">Ata do CE<\/a>\u00a0 \u00a0\u00a0 \u00a0<a href=\"https:\/\/www.flcegos.pt\/web\/wp-content\/uploads\/2026\/04\/Ata-01CF26-SE-RGC25.pdf\">Ata do CF<\/a>\u00a0\u00a0\u00a0 \u00a0\u00a0\u00a0<a href=\"https:\/\/www.flcegos.pt\/web\/wp-content\/uploads\/2026\/04\/CLC_2025_signed.pdf\">CLC2025<\/a>\u00a0 \u00a0 \u00a0 <a href=\"https:\/\/www.flcegos.pt\/web\/wp-content\/uploads\/2026\/04\/Ata-04CA26-SE-RGC25.pdf\">Ata do CA<\/a><\/li><li><a href=\"https:\/\/www.flcegos.pt\/web\/wp-content\/uploads\/2025\/04\/Relatorio-de-Gestao-e-Contas-24.pdf\">2024\u00a0<\/a>\u00a0\u00a0\u00a0\u00a0\u00a0<a href=\"https:\/\/www.flcegos.pt\/web\/wp-content\/uploads\/2025\/04\/demofinanceira2024.pdf\">Demo Financeira<\/a>\u00a0\u00a0\u00a0\u00a0\u00a0<a href=\"https:\/\/www.flcegos.pt\/web\/wp-content\/uploads\/2025\/04\/Ata-01CF2025-SE-RGC2024.pdf\">\u00a0Ata do CF<\/a>\u00a0\u00a0\u00a0\u00a0\u00a0\u00a0\u00a0<a href=\"https:\/\/www.flcegos.pt\/web\/wp-content\/uploads\/2025\/04\/CLC_2024_FLAR_signed.pdf\">CLC2024<\/a>\u00a0 \u00a0 \u00a0 <a href=\"https:\/\/www.flcegos.pt\/web\/wp-content\/uploads\/2025\/10\/Ata-06CA25-Nomeacao-MOE-CE-CF.pdf\">Ata do CA<\/a><\/li><\/ul><ul><li><a href=\"https:\/\/www.flcegos.pt\/web\/wp-content\/uploads\/2025\/03\/RGC_2023.pdf\">2023<\/a>\u00a0\u00a0\u00a0\u00a0\u00a0\u00a0<a href=\"https:\/\/www.flcegos.pt\/web\/wp-content\/uploads\/2025\/03\/Anexo_II_DF_RGC23_1.pdf\">Demo Financeira<\/a>\u00a0\u00a0\u00a0\u00a0\u00a0\u00a0<a href=\"https:\/\/www.flcegos.pt\/web\/wp-content\/uploads\/2025\/03\/ATA_CF_RGC23.pdf\">Ata do CF<\/a>\u00a0\u00a0\u00a0\u00a0\u00a0\u00a0\u00a0<a href=\"https:\/\/www.flcegos.pt\/web\/wp-content\/uploads\/2025\/03\/CLC_2023.pdf\">CLC2023<\/a>\u00a0\u00a0\u00a0\u00a0\u00a0\u00a0\u00a0<a href=\"https:\/\/www.flcegos.pt\/web\/wp-content\/uploads\/2025\/03\/ATA_CA_RGC23.pdf\">Ata do CA<\/a><\/li><\/ul>\t\t\t\t\t\t\t\t<\/div>\n\t\t\t\t<\/div>\n\t\t\t\t<\/div>\n\t\t<div class=\"elementor-element elementor-element-648e09b e-con-full e-flex wpr-particle-no wpr-jarallax-no wpr-parallax-no wpr-sticky-section-no wpr-equal-height-no e-con e-child\" data-id=\"648e09b\" data-element_type=\"container\" data-e-type=\"container\" data-settings=\"{&quot;background_background&quot;:&quot;classic&quot;}\">\n\t\t\t\t<div class=\"elementor-element elementor-element-71c9e6f elementor-widget elementor-widget-heading\" data-id=\"71c9e6f\" data-element_type=\"widget\" data-e-type=\"widget\" data-widget_type=\"heading.default\">\n\t\t\t\t<div class=\"elementor-widget-container\">\n\t\t\t\t\t<h2 class=\"elementor-heading-title elementor-size-default\">OUTROS DOCUMENTOS<\/h2>\t\t\t\t<\/div>\n\t\t\t\t<\/div>\n\t\t\t\t<div class=\"elementor-element elementor-element-808cb32 elementor-widget elementor-widget-text-editor\" data-id=\"808cb32\" data-element_type=\"widget\" data-e-type=\"widget\" data-widget_type=\"text-editor.default\">\n\t\t\t\t<div class=\"elementor-widget-container\">\n\t\t\t\t\t\t\t\t\t<ul><li><a href=\"https:\/\/www.flcegos.pt\/web\/wp-content\/uploads\/2025\/03\/declara_PessoaColetiva.pdf\">Declara\u00e7\u00e3o de Pessoa Coletiva de Utilidade P\u00fablica<\/a><\/li><\/ul><ul><li><a href=\"https:\/\/www.flcegos.pt\/web\/wp-content\/uploads\/2025\/09\/Ata-06CA25-Nomeacao-MOE-CE-CF.pdf\">ATA de Nomea\u00e7\u00e3o do CE e do CF (ATA do CA n\u00ba6 2025)<\/a><\/li><\/ul><ul><li><a href=\"https:\/\/www.flcegos.pt\/web\/wp-content\/uploads\/2026\/03\/PADAP-2026.pdf\">Plano de Atividades de Desenvolvimento Pessoal (PADAP) 2026<\/a><\/li><\/ul>\t\t\t\t\t\t\t\t<\/div>\n\t\t\t\t<\/div>\n\t\t\t\t<\/div>\n\t\t\t\t\t<\/div>\n\t\t\t\t<\/div>\n\t\t<div class=\"elementor-element elementor-element-5214dc9 e-flex e-con-boxed wpr-particle-no wpr-jarallax-no wpr-parallax-no wpr-sticky-section-no wpr-equal-height-no e-con e-parent\" data-id=\"5214dc9\" data-element_type=\"container\" data-e-type=\"container\">\n\t\t\t\t\t<div class=\"e-con-inner\">\n\t\t\t\t<div class=\"elementor-element elementor-element-546725c elementor-widget elementor-widget-spacer\" data-id=\"546725c\" data-element_type=\"widget\" data-e-type=\"widget\" data-widget_type=\"spacer.default\">\n\t\t\t\t<div class=\"elementor-widget-container\">\n\t\t\t\t\t\t\t<div class=\"elementor-spacer\">\n\t\t\t<div class=\"elementor-spacer-inner\"><\/div>\n\t\t<\/div>\n\t\t\t\t\t\t<\/div>\n\t\t\t\t<\/div>\n\t\t\t\t\t<\/div>\n\t\t\t\t<\/div>\n\t\t\t\t<\/div>\n\t\t","protected":false},"excerpt":{"rendered":"<p>DOCUMENTOS INSTITUCIONAIS CONSULTAR Regulamentos Internos Estatutos da Funda\u00e7\u00e3o-Lar de Nossa Senhora da Sa\u00fade Regulamento da Estrutura Residencial para Pessoas Idosas (ERPI) Regulamento Interno do Centro de Dia (CD) Relat\u00f3rio de Gest\u00e3o e Contas 2025\u00a0 \u00a0 \u00a0 Demo Financeira\u00a0 \u00a0 \u00a0Ata do CE\u00a0 \u00a0\u00a0 \u00a0Ata do CF\u00a0\u00a0\u00a0 \u00a0\u00a0\u00a0CLC2025\u00a0 \u00a0 \u00a0 Ata do CA 2024\u00a0\u00a0\u00a0\u00a0\u00a0\u00a0Demo Financeira\u00a0\u00a0\u00a0\u00a0\u00a0\u00a0Ata do CF\u00a0\u00a0\u00a0\u00a0\u00a0\u00a0\u00a0CLC2024\u00a0 \u00a0 \u00a0 Ata do CA 2023\u00a0\u00a0\u00a0\u00a0\u00a0\u00a0Demo Financeira\u00a0\u00a0\u00a0\u00a0\u00a0\u00a0Ata do CF\u00a0\u00a0\u00a0\u00a0\u00a0\u00a0\u00a0CLC2023\u00a0\u00a0\u00a0\u00a0\u00a0\u00a0\u00a0Ata do CA OUTROS DOCUMENTOS Declara\u00e7\u00e3o de Pessoa Coletiva de Utilidade P\u00fablica ATA de Nomea\u00e7\u00e3o do CE e do CF (ATA do CA n\u00ba6 2025) Plano de Atividades de Desenvolvimento Pessoal (PADAP) 2026<\/p>\n","protected":false},"author":2,"featured_media":0,"parent":0,"menu_order":0,"comment_status":"closed","ping_status":"closed","template":"","meta":{"footnotes":""},"class_list":["post-1762","page","type-page","status-publish","hentry"],"_links":{"self":[{"href":"https:\/\/www.flcegos.pt\/web\/wp-json\/wp\/v2\/pages\/1762","targetHints":{"allow":["GET"]}}],"collection":[{"href":"https:\/\/www.flcegos.pt\/web\/wp-json\/wp\/v2\/pages"}],"about":[{"href":"https:\/\/www.flcegos.pt\/web\/wp-json\/wp\/v2\/types\/page"}],"author":[{"embeddable":true,"href":"https:\/\/www.flcegos.pt\/web\/wp-json\/wp\/v2\/users\/2"}],"replies":[{"embeddable":true,"href":"https:\/\/www.flcegos.pt\/web\/wp-json\/wp\/v2\/comments?post=1762"}],"version-history":[{"count":24,"href":"https:\/\/www.flcegos.pt\/web\/wp-json\/wp\/v2\/pages\/1762\/revisions"}],"predecessor-version":[{"id":5891,"href":"https:\/\/www.flcegos.pt\/web\/wp-json\/wp\/v2\/pages\/1762\/revisions\/5891"}],"wp:attachment":[{"href":"https:\/\/www.flcegos.pt\/web\/wp-json\/wp\/v2\/media?parent=1762"}],"curies":[{"name":"wp","href":"https:\/\/api.w.org\/{rel}","templated":true}]}}