{"id":1756,"date":"2025-03-05T09:49:02","date_gmt":"2025-03-05T09:49:02","guid":{"rendered":"https:\/\/www.flcegos.pt\/web\/?page_id=1756"},"modified":"2025-09-17T08:29:51","modified_gmt":"2025-09-17T08:29:51","slug":"estrutura-organica-e-orgaos-sociais","status":"publish","type":"page","link":"https:\/\/www.flcegos.pt\/web\/estrutura-organica-e-orgaos-sociais\/","title":{"rendered":"Estrutura Org\u00e2nica e \u00d3rg\u00e3os Sociais"},"content":{"rendered":"\t\t<div data-elementor-type=\"wp-page\" data-elementor-id=\"1756\" class=\"elementor elementor-1756\">\n\t\t\t\t<div class=\"elementor-element elementor-element-14d03e2 e-flex e-con-boxed wpr-particle-no wpr-jarallax-no wpr-parallax-no wpr-sticky-section-no wpr-equal-height-no e-con e-parent\" data-id=\"14d03e2\" data-element_type=\"container\" data-e-type=\"container\" data-settings=\"{&quot;background_background&quot;:&quot;classic&quot;,&quot;shape_divider_bottom&quot;:&quot;curve&quot;,&quot;shape_divider_bottom_negative&quot;:&quot;yes&quot;}\">\n\t\t\t\t\t<div class=\"e-con-inner\">\n\t\t\t\t<div class=\"elementor-shape elementor-shape-bottom\" aria-hidden=\"true\" data-negative=\"true\">\n\t\t\t<svg xmlns=\"http:\/\/www.w3.org\/2000\/svg\" viewBox=\"0 0 1000 100\" preserveAspectRatio=\"none\">\n\t<path class=\"elementor-shape-fill\" d=\"M500,97C126.7,96.3,0.8,19.8,0,0v100l1000,0V1C1000,19.4,873.3,97.8,500,97z\"\/>\n<\/svg>\t\t<\/div>\n\t\t\t\t<div class=\"elementor-element elementor-element-2d41402 elementor-invisible elementor-widget elementor-widget-heading\" data-id=\"2d41402\" data-element_type=\"widget\" data-e-type=\"widget\" data-settings=\"{&quot;_animation&quot;:&quot;fadeIn&quot;}\" data-widget_type=\"heading.default\">\n\t\t\t\t<div class=\"elementor-widget-container\">\n\t\t\t\t\t<h2 class=\"elementor-heading-title elementor-size-default\">ESTRUTURA ORG\u00c2NICA E \u00d3RG\u00c3OS SOCIAIS<\/h2>\t\t\t\t<\/div>\n\t\t\t\t<\/div>\n\t\t\t\t\t<\/div>\n\t\t\t\t<\/div>\n\t\t<div class=\"elementor-element elementor-element-7823de2 e-flex e-con-boxed wpr-particle-no wpr-jarallax-no wpr-parallax-no wpr-sticky-section-no wpr-equal-height-no e-con e-parent\" data-id=\"7823de2\" data-element_type=\"container\" data-e-type=\"container\">\n\t\t\t\t\t<div class=\"e-con-inner\">\n\t\t\t\t<div class=\"elementor-element elementor-element-adfe56c elementor-widget elementor-widget-spacer\" data-id=\"adfe56c\" data-element_type=\"widget\" data-e-type=\"widget\" data-widget_type=\"spacer.default\">\n\t\t\t\t<div class=\"elementor-widget-container\">\n\t\t\t\t\t\t\t<div class=\"elementor-spacer\">\n\t\t\t<div class=\"elementor-spacer-inner\"><\/div>\n\t\t<\/div>\n\t\t\t\t\t\t<\/div>\n\t\t\t\t<\/div>\n\t\t\t\t\t<\/div>\n\t\t\t\t<\/div>\n\t\t<div class=\"elementor-element elementor-element-0332468 e-flex e-con-boxed wpr-particle-no wpr-jarallax-no wpr-parallax-no wpr-sticky-section-no wpr-equal-height-no e-con e-parent\" data-id=\"0332468\" data-element_type=\"container\" data-e-type=\"container\">\n\t\t\t\t\t<div class=\"e-con-inner\">\n\t\t\t\t<div class=\"elementor-element elementor-element-dbc25bf elementor-widget elementor-widget-text-editor\" data-id=\"dbc25bf\" data-element_type=\"widget\" data-e-type=\"widget\" data-widget_type=\"text-editor.default\">\n\t\t\t\t<div class=\"elementor-widget-container\">\n\t\t\t\t\t\t\t\t\t<div class=\"wpb_text_column wpb_content_element vc_custom_1639912886878\"><div class=\"wpb_wrapper\"><p>No ano de 2000, por <a href=\"https:\/\/www.flcegos.pt\/web\/wp-content\/uploads\/2025\/03\/despacho25demaio.pdf\"><strong>despacho de 25 de maio<\/strong><\/a>\u00a0do Secret\u00e1rio de Estado Adjunto do Ministro do Trabalho e da Solidariedade, foi aprovada a altera\u00e7\u00e3o aos Estatutos da Funda\u00e7\u00e3o-Lar de Cegos de Nossa Senhora da Sa\u00fade.<\/p><p>Em 26 de outubro de 2016 foi aprovado o Projeto de Altera\u00e7\u00f5es aos Estatutos, em reuni\u00f5es extraordin\u00e1rias do Conselho de Administra\u00e7\u00e3o e da Mesa Administrativa da Real Irmandade de Nossa Senhora da Sa\u00fade e S\u00e3o Sebasti\u00e3o.<\/p><p>Decorrente dos\u00a0<a href=\"https:\/\/www.flcegos.pt\/web\/wp-content\/uploads\/2025\/03\/SS_aprova_Estatutos.pdf\"><strong>Estatutos da Funda\u00e7\u00e3o-Lar de Cegos de Nossa Senhora da Sa\u00fade<\/strong>,<\/a> aprovados em 23 de dezembro de 2016, constituem-se como \u00f3rg\u00e3os sociais da Funda\u00e7\u00e3o-Lar, os:<\/p><ul><li>Conselho de Administra\u00e7\u00e3o;<\/li><li>Conselho Executivo;<\/li><li>Conselho Fiscal;<\/li><li>Conselho dos \u201cAmigos e Benem\u00e9ritos\u201d.<\/li><\/ul><div>\u00a0<\/div><p>O mandato \u00e9 de tr\u00eas anos, podendo ser prorrogado por mais um ano.<\/p><\/div><\/div><div class=\"wpb_text_column wpb_content_element vc_custom_1665568849415\"><div class=\"wpb_wrapper\"><p>O\u00a0<strong>Conselho de Administra\u00e7\u00e3o<\/strong>\u00a0\u00e9 constitu\u00eddo pelo Presidente (Provedor da Irmandade), o Vice-Presidente (Vice-Provedor), o Secret\u00e1rio, dois Vogais Efetivos e dois Vogais Suplentes\u00a0<em>(Art. 17.\u00ba dos Estatutos)<\/em>.<\/p><p>Os Presidentes do Conselho Executivo e do Conselho Fiscal s\u00e3o designados pelo Conselho de Administra\u00e7\u00e3o, os quais prop\u00f5em os restantes membros dos respetivos \u00f3rg\u00e3os sociais. Aprovada a sua constitui\u00e7\u00e3o, o Conselho de Administra\u00e7\u00e3o dar-lhes-\u00e1 posse, suspens\u00e3o e exonera\u00e7\u00e3o.<\/p><p>O\u00a0<strong>Conselho Executivo<\/strong>\u00a0\u00e9 constitu\u00eddo pelos seguintes membros\u00a0<em>(Art. 19.\u00ba\u2026)<\/em>:<\/p><ul><li>Presidente;<\/li><li>Vice-Presidente;<\/li><li>Secret\u00e1rio;<\/li><li>Tesoureiro;<\/li><li>Vogal efetivo, mais 2 suplentes.<\/li><\/ul><p>O\u00a0<strong>Conselho Fiscal\u00a0<\/strong>\u00e9 composto por tr\u00eas membros: o Presidente e dois Vogais, havendo um suplente, no caso de impedimento de algum dos membros efetivos\u00a0<em>(Art. 26.\u00ba\u2026)<\/em>.<\/p><p>O\u00a0<strong>Conselho dos Amigos e Benem\u00e9ritos<\/strong>\u00a0\u00e9 um \u00f3rg\u00e3o de natureza consultiva. A sua composi\u00e7\u00e3o, funcionamento e compet\u00eancias constam de Regulamento espec\u00edfico elaborado pelo Conselho Executivo e aprovado pelo Conselho de Administra\u00e7\u00e3o a 22 de setembro de 2021.<\/p><\/div><\/div>\t\t\t\t\t\t\t\t<\/div>\n\t\t\t\t<\/div>\n\t\t\t\t\t<\/div>\n\t\t\t\t<\/div>\n\t\t<div class=\"elementor-element elementor-element-e4f8fb4 e-flex e-con-boxed wpr-particle-no wpr-jarallax-no wpr-parallax-no wpr-sticky-section-no wpr-equal-height-no e-con e-parent\" data-id=\"e4f8fb4\" data-element_type=\"container\" data-e-type=\"container\">\n\t\t\t\t\t<div class=\"e-con-inner\">\n\t\t\t\t<div class=\"elementor-element elementor-element-11c6d22 elementor-widget elementor-widget-spacer\" data-id=\"11c6d22\" data-element_type=\"widget\" data-e-type=\"widget\" data-widget_type=\"spacer.default\">\n\t\t\t\t<div class=\"elementor-widget-container\">\n\t\t\t\t\t\t\t<div class=\"elementor-spacer\">\n\t\t\t<div class=\"elementor-spacer-inner\"><\/div>\n\t\t<\/div>\n\t\t\t\t\t\t<\/div>\n\t\t\t\t<\/div>\n\t\t\t\t\t<\/div>\n\t\t\t\t<\/div>\n\t\t\t\t<\/div>\n\t\t","protected":false},"excerpt":{"rendered":"<p>ESTRUTURA ORG\u00c2NICA E \u00d3RG\u00c3OS SOCIAIS No ano de 2000, por despacho de 25 de maio\u00a0do Secret\u00e1rio de Estado Adjunto do Ministro do Trabalho e da Solidariedade, foi aprovada a altera\u00e7\u00e3o aos Estatutos da Funda\u00e7\u00e3o-Lar de Cegos de Nossa Senhora da Sa\u00fade. Em 26 de outubro de 2016 foi aprovado o Projeto de Altera\u00e7\u00f5es aos Estatutos, em reuni\u00f5es extraordin\u00e1rias do Conselho de Administra\u00e7\u00e3o e da Mesa Administrativa da Real Irmandade de Nossa Senhora da Sa\u00fade e S\u00e3o Sebasti\u00e3o. Decorrente dos\u00a0Estatutos da Funda\u00e7\u00e3o-Lar de Cegos de Nossa Senhora da Sa\u00fade, aprovados em 23 de dezembro de 2016, constituem-se como \u00f3rg\u00e3os sociais da Funda\u00e7\u00e3o-Lar, os: Conselho de Administra\u00e7\u00e3o; Conselho Executivo; Conselho Fiscal; Conselho dos \u201cAmigos e Benem\u00e9ritos\u201d. \u00a0 O mandato \u00e9 de tr\u00eas anos, podendo ser prorrogado por mais um ano. O\u00a0Conselho de Administra\u00e7\u00e3o\u00a0\u00e9 constitu\u00eddo pelo Presidente (Provedor da Irmandade), o Vice-Presidente (Vice-Provedor), o Secret\u00e1rio, dois Vogais Efetivos e dois Vogais Suplentes\u00a0(Art. 17.\u00ba dos Estatutos). Os Presidentes do Conselho Executivo e do Conselho Fiscal s\u00e3o designados pelo Conselho de Administra\u00e7\u00e3o, os quais prop\u00f5em os restantes membros dos respetivos \u00f3rg\u00e3os sociais. Aprovada a sua constitui\u00e7\u00e3o, o Conselho de Administra\u00e7\u00e3o dar-lhes-\u00e1 posse, suspens\u00e3o e exonera\u00e7\u00e3o. O\u00a0Conselho Executivo\u00a0\u00e9 constitu\u00eddo pelos seguintes membros\u00a0(Art. 19.\u00ba\u2026): Presidente; Vice-Presidente; Secret\u00e1rio; Tesoureiro; Vogal efetivo, mais 2 suplentes. O\u00a0Conselho Fiscal\u00a0\u00e9 composto por tr\u00eas membros: o Presidente e dois Vogais, havendo um suplente, no caso de impedimento de algum dos membros efetivos\u00a0(Art. 26.\u00ba\u2026). O\u00a0Conselho dos Amigos e Benem\u00e9ritos\u00a0\u00e9 um \u00f3rg\u00e3o de natureza consultiva. A sua composi\u00e7\u00e3o, funcionamento e compet\u00eancias constam de Regulamento espec\u00edfico elaborado pelo Conselho Executivo e aprovado pelo Conselho de Administra\u00e7\u00e3o a 22 de setembro de 2021.<\/p>\n","protected":false},"author":2,"featured_media":0,"parent":0,"menu_order":0,"comment_status":"closed","ping_status":"closed","template":"","meta":{"footnotes":""},"class_list":["post-1756","page","type-page","status-publish","hentry"],"_links":{"self":[{"href":"https:\/\/www.flcegos.pt\/web\/wp-json\/wp\/v2\/pages\/1756","targetHints":{"allow":["GET"]}}],"collection":[{"href":"https:\/\/www.flcegos.pt\/web\/wp-json\/wp\/v2\/pages"}],"about":[{"href":"https:\/\/www.flcegos.pt\/web\/wp-json\/wp\/v2\/types\/page"}],"author":[{"embeddable":true,"href":"https:\/\/www.flcegos.pt\/web\/wp-json\/wp\/v2\/users\/2"}],"replies":[{"embeddable":true,"href":"https:\/\/www.flcegos.pt\/web\/wp-json\/wp\/v2\/comments?post=1756"}],"version-history":[{"count":3,"href":"https:\/\/www.flcegos.pt\/web\/wp-json\/wp\/v2\/pages\/1756\/revisions"}],"predecessor-version":[{"id":5602,"href":"https:\/\/www.flcegos.pt\/web\/wp-json\/wp\/v2\/pages\/1756\/revisions\/5602"}],"wp:attachment":[{"href":"https:\/\/www.flcegos.pt\/web\/wp-json\/wp\/v2\/media?parent=1756"}],"curies":[{"name":"wp","href":"https:\/\/api.w.org\/{rel}","templated":true}]}}